{"id":350,"date":"2025-07-17T14:10:57","date_gmt":"2025-07-17T14:10:57","guid":{"rendered":"https:\/\/theratroost.nl\/?page_id=350"},"modified":"2025-09-29T08:48:39","modified_gmt":"2025-09-29T08:48:39","slug":"groei-op-jouw-manier","status":"publish","type":"page","link":"https:\/\/theratroost.nl\/?page_id=350","title":{"rendered":"Groei op jouw manier"},"content":{"rendered":"\n<h2 class=\"wp-block-heading\">Krachtig en zonder gedoe<\/h2>\n\n\n\n<p>Je bent slim, toegewijd en je hebt iets te brengen. Maar in de praktijk voelt het soms alsof je moet kiezen: jezelf blijven \u00f3f impact maken. Zacht zijn \u00f3f stevig. Luisteren \u00f3f je uitspreken. Gehoord worden \u00f3f jezelf overschreeuwen.<br><br>Deze trainingen zijn er voor vrouwen zoals jij! Vrouwen die willen groeien in hun leiderschap, zichtbaarheid en zelfvertrouwen. Zonder wolligheid, zonder trucjes. Wel met heldere inzichten, praktische opdrachten en ruimte voor je intu\u00eftie.<br><br>Je volgt de training zelfstandig, in je eigen tempo. Thuis of onderweg. Je krijgt toegang tot een online leeromgeving en kunt direct aan de slag.<\/p>\n\n\n\n<div class=\"wp-block-media-text is-stacked-on-mobile\"><figure class=\"wp-block-media-text__media\"><img loading=\"lazy\" decoding=\"async\" width=\"500\" height=\"500\" src=\"https:\/\/theratroost.nl\/wp-content\/uploads\/2025\/07\/Logo-DIY-Sta-Stevig-1.png\" alt=\"\" class=\"wp-image-354 size-full\" srcset=\"https:\/\/theratroost.nl\/wp-content\/uploads\/2025\/07\/Logo-DIY-Sta-Stevig-1.png 500w, https:\/\/theratroost.nl\/wp-content\/uploads\/2025\/07\/Logo-DIY-Sta-Stevig-1-300x300.png 300w, https:\/\/theratroost.nl\/wp-content\/uploads\/2025\/07\/Logo-DIY-Sta-Stevig-1-150x150.png 150w, https:\/\/theratroost.nl\/wp-content\/uploads\/2025\/07\/Logo-DIY-Sta-Stevig-1-100x100.png 100w\" sizes=\"auto, (max-width: 500px) 100vw, 500px\" \/><\/figure><div class=\"wp-block-media-text__content\">\n<p><strong>Nog heel even geduld. Binnenkort beschikbaar!<\/strong><br>Voor wie zoekt naar rust, zelfvertrouwen en innerlijke kracht als fundament.<br><br>Ontdek hoe je stevig staat, jezelf serieus neemt en je plek inneemt &#8211; zonder harder te worden.<\/p>\n<\/div><\/div>\n\n\n\n<div class=\"wp-block-media-text is-stacked-on-mobile\"><figure class=\"wp-block-media-text__media\"><img loading=\"lazy\" decoding=\"async\" width=\"500\" height=\"500\" src=\"https:\/\/theratroost.nl\/wp-content\/uploads\/2025\/07\/Logo-DIY-Spreek-je-Kracht-uit-1.png\" alt=\"\" class=\"wp-image-355 size-full\" srcset=\"https:\/\/theratroost.nl\/wp-content\/uploads\/2025\/07\/Logo-DIY-Spreek-je-Kracht-uit-1.png 500w, https:\/\/theratroost.nl\/wp-content\/uploads\/2025\/07\/Logo-DIY-Spreek-je-Kracht-uit-1-300x300.png 300w, https:\/\/theratroost.nl\/wp-content\/uploads\/2025\/07\/Logo-DIY-Spreek-je-Kracht-uit-1-150x150.png 150w, https:\/\/theratroost.nl\/wp-content\/uploads\/2025\/07\/Logo-DIY-Spreek-je-Kracht-uit-1-100x100.png 100w\" sizes=\"auto, (max-width: 500px) 100vw, 500px\" \/><\/figure><div class=\"wp-block-media-text__content\">\n<p><strong>Binnenkort beschikbaar!<\/strong> Zet jezelf op de wachtlijst en hoor het als eerste wanneer we live gaan.<br><br>Voor wie gehoord wil worden zonder zichzelf te overschreeuwen.<br><br>Leer je uitspreken met lef, helderheid en vertrouwen in je onderbuikgevoel &#8211; ook in lastige gesprekken.<\/p>\n<\/div><\/div>\n\n\n\n<div class=\"wp-block-media-text is-stacked-on-mobile\"><figure class=\"wp-block-media-text__media\"><img loading=\"lazy\" decoding=\"async\" width=\"500\" height=\"500\" src=\"https:\/\/theratroost.nl\/wp-content\/uploads\/2025\/07\/Logo-DIY-Leid-vanuit-jezelf-1.png\" alt=\"\" class=\"wp-image-356 size-full\" srcset=\"https:\/\/theratroost.nl\/wp-content\/uploads\/2025\/07\/Logo-DIY-Leid-vanuit-jezelf-1.png 500w, https:\/\/theratroost.nl\/wp-content\/uploads\/2025\/07\/Logo-DIY-Leid-vanuit-jezelf-1-300x300.png 300w, https:\/\/theratroost.nl\/wp-content\/uploads\/2025\/07\/Logo-DIY-Leid-vanuit-jezelf-1-150x150.png 150w, https:\/\/theratroost.nl\/wp-content\/uploads\/2025\/07\/Logo-DIY-Leid-vanuit-jezelf-1-100x100.png 100w\" sizes=\"auto, (max-width: 500px) 100vw, 500px\" \/><\/figure><div class=\"wp-block-media-text__content\">\n<p><strong>Deze training is in ontwikkeling. <\/strong>Wil je als eerste toegang? Zet je op de wachtlijst!<br><br>Voor wie meer invloed wil zonder te vechten of forceren.<br><br>Neem je plek in aan tafel, vergroot je invloed en beslis vanuit jouw waarden en visie.<\/p>\n<\/div><\/div>\n\n\n\n<h2 class=\"wp-block-heading\"><strong>Laat me weten waar ik je bij kan helpen!<\/strong><\/h2>\n\n\n\n<form method=\"post\" class=\"wp-block-gutena-forms gutena-forms-contact-form gutena_forms_ID_46e24f3427_2992025104519 after_submit_message is-layout-flow wp-block-gutena-forms-is-layout-flow\" style=\"padding-top:2rem;padding-bottom:5rem\"><input type=\"hidden\" name=\"formid\" value=\"gutena_forms_ID_46e24f3427_2992025104519\"\/>\n<div class=\"wp-block-gutena-field-group  field-group-type-text is-layout-flow wp-block-gutena-field-group-is-layout-flow\">\n<div class=\"wp-block-group is-vertical is-layout-flex wp-container-core-group-is-layout-c8e3a30a wp-block-group-is-layout-flex\">\n<h3 class=\"wp-block-heading heading-input-label-gutena\">Voornaam<\/h3>\n\n\n<div class=\"gutena-forms-text-field field-name-f_0  wp-block-gutena-form-field\"><input\n\t\t\t\tid=\"f_0\"\n\t\t\t\t name=\"f_0\" type=\"text\" class=\"gutena-forms-field text-field required-field  \" placeholder=\"Enter your first name\"  required\n\t\t\t\t\/><\/div><\/div>\n\n\n\n<p class=\"gutena-forms-field-error-msg\"><\/p>\n<\/div>\n\n\n\n<div class=\"wp-block-gutena-field-group  field-group-type-text is-layout-flow wp-block-gutena-field-group-is-layout-flow\">\n<div class=\"wp-block-group is-vertical is-layout-flex wp-container-core-group-is-layout-c8e3a30a wp-block-group-is-layout-flex\">\n<h3 class=\"wp-block-heading heading-input-label-gutena\">Achternaam<\/h3>\n\n\n<div class=\"gutena-forms-text-field field-name-f_1  wp-block-gutena-form-field\"><input\n\t\t\t\tid=\"f_1\"\n\t\t\t\t name=\"f_1\" type=\"text\" class=\"gutena-forms-field text-field required-field  \" placeholder=\"Enter your last name\"  required\n\t\t\t\t\/><\/div><\/div>\n\n\n\n<p class=\"gutena-forms-field-error-msg\"><\/p>\n<\/div>\n\n\n\n<div class=\"wp-block-gutena-field-group  field-group-type-email is-layout-flow wp-block-gutena-field-group-is-layout-flow\">\n<div class=\"wp-block-group is-vertical is-layout-flex wp-container-core-group-is-layout-c8e3a30a wp-block-group-is-layout-flex\">\n<h3 class=\"wp-block-heading heading-input-label-gutena\">Email<\/h3>\n\n\n<div class=\"gutena-forms-email-field field-name-f_2  wp-block-gutena-form-field\"><input\n\t\t\t\tid=\"f_2\"\n\t\t\t\t name=\"f_2\" type=\"email\" class=\"gutena-forms-field email-field required-field  \" placeholder=\"example@gmail.com\"  required\n\t\t\t\t\/><\/div><\/div>\n\n\n\n<p class=\"gutena-forms-field-error-msg\"><\/p>\n<\/div>\n\n\n\n<div class=\"wp-block-gutena-field-group  field-group-type-text is-layout-flow wp-block-gutena-field-group-is-layout-flow\">\n<p class=\"gutena-forms-field-error-msg\"><\/p>\n<\/div>\n\n\n\n<div class=\"wp-block-gutena-field-group  field-group-type-textarea is-layout-flow wp-block-gutena-field-group-is-layout-flow\">\n<div class=\"wp-block-group is-vertical is-layout-flex wp-container-core-group-is-layout-c8e3a30a wp-block-group-is-layout-flex\">\n<h3 class=\"wp-block-heading heading-input-label-gutena\">Bericht<\/h3>\n\n\n<div class=\"gutena-forms-textarea-field field-name-f_4  wp-block-gutena-form-field\"><textarea\n\t\t\t\tid=\"f_4\"\n\t\t\t\t name=\"f_4\" rows=\"5\" class=\"gutena-forms-field textarea-field required-field  \" placeholder=\"Type here\"  required\n\t\t\t\t><\/textarea><\/div><\/div>\n\n\n\n<p class=\"gutena-forms-field-error-msg\"><\/p>\n<\/div>\n\n\n\n<div class=\"wp-block-buttons gutena-forms-submit-buttons is-layout-flex wp-block-buttons-is-layout-flex\">\n<div class=\"wp-block-button gutena-forms-submit-button\"><button class=\"wp-block-button__link wp-element-button\">Indienen<\/button><\/div>\n<\/div>\n\n\n\n<div class=\"wp-block-gutena-form-confirm-msg is-layout-flow wp-block-gutena-form-confirm-msg-is-layout-flow\">\n<div class=\"wp-block-group has-background is-content-justification-left is-nowrap is-layout-flex wp-container-core-group-is-layout-25cdd410 wp-block-group-is-layout-flex\" style=\"border-radius:5px;background-color:#d8eacc;padding-top:12px;padding-right:12px;padding-bottom:12px;padding-left:12px\">\n<figure class=\"wp-block-image size-large form-message-icon\"><img decoding=\"async\" src=\"data:image\/svg+xml;base64,PHN2ZyB3aWR0aD0iMTYiIGhlaWdodD0iMTYiIHZpZXdCb3g9IjAgMCAxNiAxNiIgZmlsbD0ibm9uZSIgeG1sbnM9Imh0dHA6Ly93d3cudzMub3JnLzIwMDAvc3ZnIj4KPHBhdGggZD0iTTggMTZDMy41ODE2IDE2IDAgMTIuNDE4NCAwIDhDMCAzLjU4MTYgMy41ODE2IDAgOCAwQzEyLjQxODQgMCAxNiAzLjU4MTYgMTYgOEMxNiAxMi40MTg0IDEyLjQxODQgMTYgOCAxNlpNOCAxNC40QzkuNjk3MzkgMTQuNCAxMS4zMjUzIDEzLjcyNTcgMTIuNTI1NSAxMi41MjU1QzEzLjcyNTcgMTEuMzI1MyAxNC40IDkuNjk3MzkgMTQuNCA4QzE0LjQgNi4zMDI2MSAxMy43MjU3IDQuNjc0NzUgMTIuNTI1NSAzLjQ3NDUyQzExLjMyNTMgMi4yNzQyOCA5LjY5NzM5IDEuNiA4IDEuNkM2LjMwMjYxIDEuNiA0LjY3NDc1IDIuMjc0MjggMy40NzQ1MiAzLjQ3NDUyQzIuMjc0MjggNC42NzQ3NSAxLjYgNi4zMDI2MSAxLjYgOEMxLjYgOS42OTczOSAyLjI3NDI4IDExLjMyNTMgMy40NzQ1MiAxMi41MjU1QzQuNjc0NzUgMTMuNzI1NyA2LjMwMjYxIDE0LjQgOCAxNC40Wk03LjIwMjQgMTEuMkwzLjgwOCA3LjgwNTZMNC45MzkyIDYuNjc0NEw3LjIwMjQgOC45Mzc2TDExLjcyNzIgNC40MTJMMTIuODU5MiA1LjU0MzJMNy4yMDI0IDExLjJaIiBmaWxsPSIjNDY4NDFFIi8+Cjwvc3ZnPgo=\" alt=\"Success\" class=\"wp-image-3811\"\/><\/figure>\n\n\n\n<p class=\"has-black-color has-text-color has-tiny-font-size\" style=\"font-size:12px;font-style:normal;font-weight:500;line-height:1.2\">Your form submitted successfully!<\/p>\n<\/div>\n<\/div>\n\n\n\n<div class=\"wp-block-gutena-form-error-msg is-layout-flow wp-block-gutena-form-error-msg-is-layout-flow\">\n<div class=\"wp-block-group has-background is-content-justification-left is-nowrap is-layout-flex wp-container-core-group-is-layout-25cdd410 wp-block-group-is-layout-flex\" style=\"border-radius:5px;background-color:#ffd3d3;padding-top:12px;padding-right:12px;padding-bottom:12px;padding-left:12px\">\n<figure class=\"wp-block-image size-large form-message-icon\"><img decoding=\"async\" src=\"data:image\/svg+xml;base64,PHN2ZyB3aWR0aD0iMTYiIGhlaWdodD0iMTYiIHZpZXdCb3g9IjAgMCAxNiAxNiIgZmlsbD0ibm9uZSIgeG1sbnM9Imh0dHA6Ly93d3cudzMub3JnLzIwMDAvc3ZnIj4KPHBhdGggZD0iTTggMTZDMy41ODE2IDE2IDAgMTIuNDE4NCAwIDhDMCAzLjU4MTYgMy41ODE2IDAgOCAwQzEyLjQxODQgMCAxNiAzLjU4MTYgMTYgOEMxNiAxMi40MTg0IDEyLjQxODQgMTYgOCAxNlpNOCAxNC40QzkuNjk3MzkgMTQuNCAxMS4zMjUzIDEzLjcyNTcgMTIuNTI1NSAxMi41MjU1QzEzLjcyNTcgMTEuMzI1MyAxNC40IDkuNjk3MzkgMTQuNCA4QzE0LjQgNi4zMDI2MSAxMy43MjU3IDQuNjc0NzUgMTIuNTI1NSAzLjQ3NDUyQzExLjMyNTMgMi4yNzQyOCA5LjY5NzM5IDEuNiA4IDEuNkM2LjMwMjYxIDEuNiA0LjY3NDc1IDIuMjc0MjggMy40NzQ1MiAzLjQ3NDUyQzIuMjc0MjggNC42NzQ3NSAxLjYgNi4zMDI2MSAxLjYgOEMxLjYgOS42OTczOSAyLjI3NDI4IDExLjMyNTMgMy40NzQ1MiAxMi41MjU1QzQuNjc0NzUgMTMuNzI1NyA2LjMwMjYxIDE0LjQgOCAxNC40Wk03LjIgMTAuNEg4LjhWMTJINy4yVjEwLjRaTTcuMiA0SDguOFY4LjhINy4yVjRaIiBmaWxsPSIjQzUxOTE5Ii8+Cjwvc3ZnPgo=\" alt=\"Error\" class=\"wp-image-3811\"\/><\/figure>\n\n\n\n<p class=\"gutena-forms-error-text has-black-color has-text-color\" style=\"font-size:12px;font-style:normal;font-weight:500;line-height:1.2\">Sorry! your form was not submitted properly, Please check the errors above.<\/p>\n<\/div>\n<\/div>\n<\/form>\n\n\n\n<div class=\"wp-block-columns is-layout-flex wp-container-core-columns-is-layout-9d6595d7 wp-block-columns-is-layout-flex\">\n<div class=\"wp-block-column is-layout-flow wp-block-column-is-layout-flow\"><\/div>\n\n\n\n<div class=\"wp-block-column is-layout-flow wp-block-column-is-layout-flow\"><\/div>\n<\/div>\n","protected":false},"excerpt":{"rendered":"<p>Krachtig en zonder gedoe Je bent slim, toegewijd en je hebt iets te brengen. Maar in de praktijk voelt het soms alsof je moet kiezen: jezelf blijven \u00f3f impact maken. Zacht zijn \u00f3f stevig. Luisteren \u00f3f je uitspreken. Gehoord worden \u00f3f jezelf overschreeuwen. Deze trainingen zijn er voor vrouwen zoals jij! Vrouwen die willen groeien &hellip; <\/p>\n<p class=\"link-more\"><a href=\"https:\/\/theratroost.nl\/?page_id=350\" class=\"more-link\">Lees verder <span class=\"screen-reader-text\">&#8220;Groei op jouw manier&#8221;<\/span><\/a><\/p>\n","protected":false},"author":1,"featured_media":0,"parent":0,"menu_order":0,"comment_status":"closed","ping_status":"closed","template":"","meta":{"footnotes":""},"class_list":["post-350","page","type-page","status-publish","hentry"],"yoast_head":"<!-- This site is optimized with the Yoast SEO plugin v27.2 - https:\/\/yoast.com\/product\/yoast-seo-wordpress\/ -->\n<title>Groei op jouw manier - Thera Troost<\/title>\n<meta name=\"robots\" content=\"index, follow, max-snippet:-1, max-image-preview:large, max-video-preview:-1\" \/>\n<link rel=\"canonical\" href=\"https:\/\/theratroost.nl\/?page_id=350\" \/>\n<meta property=\"og:locale\" content=\"nl_NL\" \/>\n<meta property=\"og:type\" content=\"article\" \/>\n<meta property=\"og:title\" content=\"Groei op jouw manier - Thera Troost\" \/>\n<meta property=\"og:description\" content=\"Krachtig en zonder gedoe Je bent slim, toegewijd en je hebt iets te brengen. Maar in de praktijk voelt het soms alsof je moet kiezen: jezelf blijven \u00f3f impact maken. Zacht zijn \u00f3f stevig. Luisteren \u00f3f je uitspreken. Gehoord worden \u00f3f jezelf overschreeuwen. Deze trainingen zijn er voor vrouwen zoals jij! Vrouwen die willen groeien &hellip; Lees verder &quot;Groei op jouw manier&quot;\" \/>\n<meta property=\"og:url\" content=\"https:\/\/theratroost.nl\/?page_id=350\" \/>\n<meta property=\"og:site_name\" content=\"Thera Troost\" \/>\n<meta property=\"article:modified_time\" content=\"2025-09-29T08:48:39+00:00\" \/>\n<meta property=\"og:image\" content=\"https:\/\/theratroost.nl\/wp-content\/uploads\/2025\/07\/Logo-DIY-Sta-Stevig-1.png\" \/>\n\t<meta property=\"og:image:width\" content=\"500\" \/>\n\t<meta property=\"og:image:height\" content=\"500\" \/>\n\t<meta property=\"og:image:type\" content=\"image\/png\" \/>\n<meta name=\"twitter:card\" content=\"summary_large_image\" \/>\n<meta name=\"twitter:label1\" content=\"Geschatte leestijd\" \/>\n\t<meta name=\"twitter:data1\" content=\"2 minuten\" \/>\n<script type=\"application\/ld+json\" class=\"yoast-schema-graph\">{\"@context\":\"https:\/\/schema.org\",\"@graph\":[{\"@type\":\"WebPage\",\"@id\":\"https:\/\/theratroost.nl\/?page_id=350\",\"url\":\"https:\/\/theratroost.nl\/?page_id=350\",\"name\":\"Groei op jouw manier - Thera Troost\",\"isPartOf\":{\"@id\":\"https:\/\/theratroost.nl\/#website\"},\"primaryImageOfPage\":{\"@id\":\"https:\/\/theratroost.nl\/?page_id=350#primaryimage\"},\"image\":{\"@id\":\"https:\/\/theratroost.nl\/?page_id=350#primaryimage\"},\"thumbnailUrl\":\"https:\/\/theratroost.nl\/wp-content\/uploads\/2025\/07\/Logo-DIY-Sta-Stevig-1.png\",\"datePublished\":\"2025-07-17T14:10:57+00:00\",\"dateModified\":\"2025-09-29T08:48:39+00:00\",\"breadcrumb\":{\"@id\":\"https:\/\/theratroost.nl\/?page_id=350#breadcrumb\"},\"inLanguage\":\"nl-NL\",\"potentialAction\":[{\"@type\":\"ReadAction\",\"target\":[\"https:\/\/theratroost.nl\/?page_id=350\"]}]},{\"@type\":\"ImageObject\",\"inLanguage\":\"nl-NL\",\"@id\":\"https:\/\/theratroost.nl\/?page_id=350#primaryimage\",\"url\":\"https:\/\/theratroost.nl\/wp-content\/uploads\/2025\/07\/Logo-DIY-Sta-Stevig-1.png\",\"contentUrl\":\"https:\/\/theratroost.nl\/wp-content\/uploads\/2025\/07\/Logo-DIY-Sta-Stevig-1.png\",\"width\":500,\"height\":500},{\"@type\":\"BreadcrumbList\",\"@id\":\"https:\/\/theratroost.nl\/?page_id=350#breadcrumb\",\"itemListElement\":[{\"@type\":\"ListItem\",\"position\":1,\"name\":\"Home\",\"item\":\"https:\/\/theratroost.nl\/\"},{\"@type\":\"ListItem\",\"position\":2,\"name\":\"Groei op jouw manier\"}]},{\"@type\":\"WebSite\",\"@id\":\"https:\/\/theratroost.nl\/#website\",\"url\":\"https:\/\/theratroost.nl\/\",\"name\":\"Thera Troost\",\"description\":\"Ben je klaar om de regie te pakken? Ontdek hoe jij op jouw manier het verschil maakt!\",\"potentialAction\":[{\"@type\":\"SearchAction\",\"target\":{\"@type\":\"EntryPoint\",\"urlTemplate\":\"https:\/\/theratroost.nl\/?s={search_term_string}\"},\"query-input\":{\"@type\":\"PropertyValueSpecification\",\"valueRequired\":true,\"valueName\":\"search_term_string\"}}],\"inLanguage\":\"nl-NL\"}]}<\/script>\n<!-- \/ Yoast SEO plugin. -->","yoast_head_json":{"title":"Groei op jouw manier - Thera Troost","robots":{"index":"index","follow":"follow","max-snippet":"max-snippet:-1","max-image-preview":"max-image-preview:large","max-video-preview":"max-video-preview:-1"},"canonical":"https:\/\/theratroost.nl\/?page_id=350","og_locale":"nl_NL","og_type":"article","og_title":"Groei op jouw manier - Thera Troost","og_description":"Krachtig en zonder gedoe Je bent slim, toegewijd en je hebt iets te brengen. Maar in de praktijk voelt het soms alsof je moet kiezen: jezelf blijven \u00f3f impact maken. Zacht zijn \u00f3f stevig. Luisteren \u00f3f je uitspreken. Gehoord worden \u00f3f jezelf overschreeuwen. Deze trainingen zijn er voor vrouwen zoals jij! Vrouwen die willen groeien &hellip; Lees verder \"Groei op jouw manier\"","og_url":"https:\/\/theratroost.nl\/?page_id=350","og_site_name":"Thera Troost","article_modified_time":"2025-09-29T08:48:39+00:00","og_image":[{"width":500,"height":500,"url":"https:\/\/theratroost.nl\/wp-content\/uploads\/2025\/07\/Logo-DIY-Sta-Stevig-1.png","type":"image\/png"}],"twitter_card":"summary_large_image","twitter_misc":{"Geschatte leestijd":"2 minuten"},"schema":{"@context":"https:\/\/schema.org","@graph":[{"@type":"WebPage","@id":"https:\/\/theratroost.nl\/?page_id=350","url":"https:\/\/theratroost.nl\/?page_id=350","name":"Groei op jouw manier - Thera Troost","isPartOf":{"@id":"https:\/\/theratroost.nl\/#website"},"primaryImageOfPage":{"@id":"https:\/\/theratroost.nl\/?page_id=350#primaryimage"},"image":{"@id":"https:\/\/theratroost.nl\/?page_id=350#primaryimage"},"thumbnailUrl":"https:\/\/theratroost.nl\/wp-content\/uploads\/2025\/07\/Logo-DIY-Sta-Stevig-1.png","datePublished":"2025-07-17T14:10:57+00:00","dateModified":"2025-09-29T08:48:39+00:00","breadcrumb":{"@id":"https:\/\/theratroost.nl\/?page_id=350#breadcrumb"},"inLanguage":"nl-NL","potentialAction":[{"@type":"ReadAction","target":["https:\/\/theratroost.nl\/?page_id=350"]}]},{"@type":"ImageObject","inLanguage":"nl-NL","@id":"https:\/\/theratroost.nl\/?page_id=350#primaryimage","url":"https:\/\/theratroost.nl\/wp-content\/uploads\/2025\/07\/Logo-DIY-Sta-Stevig-1.png","contentUrl":"https:\/\/theratroost.nl\/wp-content\/uploads\/2025\/07\/Logo-DIY-Sta-Stevig-1.png","width":500,"height":500},{"@type":"BreadcrumbList","@id":"https:\/\/theratroost.nl\/?page_id=350#breadcrumb","itemListElement":[{"@type":"ListItem","position":1,"name":"Home","item":"https:\/\/theratroost.nl\/"},{"@type":"ListItem","position":2,"name":"Groei op jouw manier"}]},{"@type":"WebSite","@id":"https:\/\/theratroost.nl\/#website","url":"https:\/\/theratroost.nl\/","name":"Thera Troost","description":"Ben je klaar om de regie te pakken? Ontdek hoe jij op jouw manier het verschil maakt!","potentialAction":[{"@type":"SearchAction","target":{"@type":"EntryPoint","urlTemplate":"https:\/\/theratroost.nl\/?s={search_term_string}"},"query-input":{"@type":"PropertyValueSpecification","valueRequired":true,"valueName":"search_term_string"}}],"inLanguage":"nl-NL"}]}},"_links":{"self":[{"href":"https:\/\/theratroost.nl\/index.php?rest_route=\/wp\/v2\/pages\/350","targetHints":{"allow":["GET"]}}],"collection":[{"href":"https:\/\/theratroost.nl\/index.php?rest_route=\/wp\/v2\/pages"}],"about":[{"href":"https:\/\/theratroost.nl\/index.php?rest_route=\/wp\/v2\/types\/page"}],"author":[{"embeddable":true,"href":"https:\/\/theratroost.nl\/index.php?rest_route=\/wp\/v2\/users\/1"}],"replies":[{"embeddable":true,"href":"https:\/\/theratroost.nl\/index.php?rest_route=%2Fwp%2Fv2%2Fcomments&post=350"}],"version-history":[{"count":7,"href":"https:\/\/theratroost.nl\/index.php?rest_route=\/wp\/v2\/pages\/350\/revisions"}],"predecessor-version":[{"id":372,"href":"https:\/\/theratroost.nl\/index.php?rest_route=\/wp\/v2\/pages\/350\/revisions\/372"}],"wp:attachment":[{"href":"https:\/\/theratroost.nl\/index.php?rest_route=%2Fwp%2Fv2%2Fmedia&parent=350"}],"curies":[{"name":"wp","href":"https:\/\/api.w.org\/{rel}","templated":true}]}}